{"id":18,"date":"2025-07-13T19:25:20","date_gmt":"2025-07-13T17:25:20","guid":{"rendered":"https:\/\/luixguidotek.com\/?page_id=18"},"modified":"2025-08-08T14:31:13","modified_gmt":"2025-08-08T12:31:13","slug":"portfolio","status":"publish","type":"page","link":"https:\/\/luixguidotek.com\/?page_id=18","title":{"rendered":"Portfolio"},"content":{"rendered":"\n<div class=\"wp-block-group is-layout-constrained wp-block-group-is-layout-constrained\">\n<h1 class=\"wp-block-heading\">Siti Web e Progetti Digitali per Professionisti e Piccole Imprese<\/h1>\n\n\n\n<p>Qui troverai una selezione di progetti realizzati per professionisti, negozi e piccole imprese. Dallo sviluppo di siti web personalizzati alla gestione di strategie digitali ed e-commerce, ogni lavoro racconta la mia passione per la tecnologia e il marketing online. Esplora i risultati concreti di chi ha scelto di crescere nel digitale con me.<\/p>\n\n\n\n<div class=\"wp-block-group is-layout-constrained wp-block-group-is-layout-constrained\">\n<div class=\"blockart-slider blockart-slider-66d153e2\"><div class=\"splide\"><div class=\"splide__track\"><ul class=\"splide__list\">\n<li class=\"blockart-slide blockart-slide-42840fee splide__slide\">\n<figure class=\"wp-block-image size-large\"><img loading=\"lazy\" decoding=\"async\" width=\"1024\" height=\"1024\" src=\"https:\/\/luixguidotek.com\/wp-content\/uploads\/2025\/07\/thewalkingpeppadventures.it_-1024x1024.jpg\" alt=\"\" class=\"wp-image-181\" srcset=\"https:\/\/luixguidotek.com\/wp-content\/uploads\/2025\/07\/thewalkingpeppadventures.it_-1024x1024.jpg 1024w, https:\/\/luixguidotek.com\/wp-content\/uploads\/2025\/07\/thewalkingpeppadventures.it_-300x300.jpg 300w, https:\/\/luixguidotek.com\/wp-content\/uploads\/2025\/07\/thewalkingpeppadventures.it_-150x150.jpg 150w, https:\/\/luixguidotek.com\/wp-content\/uploads\/2025\/07\/thewalkingpeppadventures.it_-768x768.jpg 768w, https:\/\/luixguidotek.com\/wp-content\/uploads\/2025\/07\/thewalkingpeppadventures.it_.jpg 1080w\" sizes=\"(max-width: 1024px) 100vw, 1024px\" \/><\/figure>\n\n\n\n<h2 class=\"wp-block-heading\">The Walking Pepp&#8217; Adventures<\/h2>\n\n\n\n<p><strong>The Walking Pepp\u2019 Adventures<\/strong> \u00e8 un sito dedicato a escursioni di trekking e kayak nella splendida Costiera Amalfitana, guidato da Peppe Fiore, guida ambientale esperta. Il sito si concentra su esperienze outdoor uniche come trekking sul Sentiero degli Dei e tour in kayak a Palinuro.<\/p>\n\n\n\n<p>Dal punto di vista SEO, il sito punta a intercettare utenti interessati a escursioni, natura e sport all\u2019aria aperta in Campania, utilizzando parole chiave geolocalizzate e tematiche di outdoor adventure.<\/p>\n\n\n\n<p>Per migliorare la visibilit\u00e0 organica, \u00e8 importante ottimizzare titoli e meta description con keyword specifiche, arricchire i contenuti con articoli e blog approfonditi, migliorare la struttura interna con link strategici e implementare il Local SEO tramite Google My Business e dati strutturati.<\/p>\n\n\n\n<p>Infine, ottimizzare performance mobile e velocit\u00e0 di caricamento e aumentare l\u2019autorit\u00e0 tramite backlink e presenza social pu\u00f2 aiutare a raggiungere un pubblico pi\u00f9 ampio e aumentare le prenotazioni.<\/p>\n\n\n\n<p><a href=\"https:\/\/thewalkingpeppadventures.it\/\" title=\"www.thewalkingpeppadventures.it\">www.thewalkingpeppadventures.it<\/a><\/p>\n<\/li>\n\n\n\n<li class=\"blockart-slide blockart-slide-13432996 splide__slide\">\n<figure class=\"wp-block-image size-large\"><img loading=\"lazy\" decoding=\"async\" width=\"1024\" height=\"1024\" src=\"https:\/\/luixguidotek.com\/wp-content\/uploads\/2025\/07\/cinziagiampaolo.it_-1024x1024.jpg\" alt=\"\" class=\"wp-image-179\" srcset=\"https:\/\/luixguidotek.com\/wp-content\/uploads\/2025\/07\/cinziagiampaolo.it_-1024x1024.jpg 1024w, https:\/\/luixguidotek.com\/wp-content\/uploads\/2025\/07\/cinziagiampaolo.it_-300x300.jpg 300w, https:\/\/luixguidotek.com\/wp-content\/uploads\/2025\/07\/cinziagiampaolo.it_-150x150.jpg 150w, https:\/\/luixguidotek.com\/wp-content\/uploads\/2025\/07\/cinziagiampaolo.it_-768x768.jpg 768w, https:\/\/luixguidotek.com\/wp-content\/uploads\/2025\/07\/cinziagiampaolo.it_.jpg 1080w\" sizes=\"(max-width: 1024px) 100vw, 1024px\" \/><\/figure>\n\n\n\n<h2 class=\"wp-block-heading\">Cinzia Giampaolo<\/h2>\n\n\n\n<p>Cinzia ha 31 anni ed \u00e8 una mamma orgogliosa di tre bambini. Condivide quotidianamente il suo mondo attraverso i social, creando contenuti autentici e coinvolgenti. \u00c8 attiva su Instagram e TikTok, dove ha costruito una community affezionata e attiva. <\/p>\n\n\n\n<hr class=\"wp-block-separator has-alpha-channel-opacity\"\/>\n\n\n\n<h3 class=\"wp-block-heading\">\ud83d\udcbc Servizi offerti<\/h3>\n\n\n\n<p>Cinzia offre una gamma di servizi pensati per brand e aziende che desiderano collaborare con lei.<\/p>\n\n\n\n<ul class=\"wp-block-list\">\n<li><strong>Collaborazioni sponsorizzate<\/strong>: creazione di contenuti personalizzati per promuovere prodotti o servizi.<\/li>\n\n\n\n<li><strong>Recensioni e unboxing<\/strong>: presentazione e valutazione di prodotti in modo autentico.<\/li>\n\n\n\n<li><strong>Gestione di campagne social<\/strong>: pianificazione e realizzazione di strategie di comunicazione sui social media.<\/li>\n<\/ul>\n\n\n\n<p>Tutti i servizi sono caratterizzati da un approccio autentico e curato, con attenzione ai dettagli e passione per il lavoro.<\/p>\n\n\n\n<p><a href=\"https:\/\/cinziagiampaolo.it\/\" title=\"www.cinziagiampaolo.it\">www.cinziagiampaolo.it<\/a><\/p>\n<\/li>\n\n\n\n<li class=\"blockart-slide blockart-slide-82369aa9 splide__slide\">\n<figure class=\"wp-block-image size-large\"><img loading=\"lazy\" decoding=\"async\" width=\"1024\" height=\"1024\" src=\"https:\/\/luixguidotek.com\/wp-content\/uploads\/2025\/07\/francescoallocca.it_-1024x1024.jpg\" alt=\"\" class=\"wp-image-180\" srcset=\"https:\/\/luixguidotek.com\/wp-content\/uploads\/2025\/07\/francescoallocca.it_-1024x1024.jpg 1024w, https:\/\/luixguidotek.com\/wp-content\/uploads\/2025\/07\/francescoallocca.it_-300x300.jpg 300w, https:\/\/luixguidotek.com\/wp-content\/uploads\/2025\/07\/francescoallocca.it_-150x150.jpg 150w, https:\/\/luixguidotek.com\/wp-content\/uploads\/2025\/07\/francescoallocca.it_-768x768.jpg 768w, https:\/\/luixguidotek.com\/wp-content\/uploads\/2025\/07\/francescoallocca.it_.jpg 1080w\" sizes=\"(max-width: 1024px) 100vw, 1024px\" \/><\/figure>\n\n\n\n<h2 class=\"wp-block-heading\">Francesco Allocca<\/h2>\n\n\n\n<p><strong>Francesco Allocca<\/strong> \u00e8 un artista che con la sua voce carismatica e la sua energia contagiosa crea atmosfere uniche, adatte sia a serate intime che a grandi eventi. Il sito presenta la sua passione per la musica e l\u2019intrattenimento, mettendo in evidenza la capacit\u00e0 di coinvolgere il pubblico e trasformare ogni occasione in un momento speciale.<\/p>\n\n\n\n<p><a href=\"https:\/\/francescoallocca.it\/\">www.francescoallocca.it<\/a><\/p>\n<\/li>\n<\/ul><\/div><div class=\"splide__arrows\"><div role=\"button\" tabindex=\"0\" class=\"splide__arrow splide__arrow--prev\"><svg xmlns=\"http:\/\/www.w3.org\/2000\/svg\" viewBox=\"0 0 40 40\" width=\"40\" height=\"40\" focusable=\"false\"><path d=\"m15.5 0.932-4.3 4.38 14.5 14.6-14.5 14.5 4.3 4.4 14.6-14.6 4.4-4.3-4.4-4.4-14.6-14.6z\"><\/path><\/svg><\/div><div role=\"button\" tabindex=\"0\" class=\"splide__arrow splide__arrow--next\"><svg xmlns=\"http:\/\/www.w3.org\/2000\/svg\" viewBox=\"0 0 40 40\" width=\"40\" height=\"40\" focusable=\"false\"><path d=\"m15.5 0.932-4.3 4.38 14.5 14.6-14.5 14.5 4.3 4.4 14.6-14.6 4.4-4.3-4.4-4.4-14.6-14.6z\"><\/path><\/svg><\/div><\/div><\/div><\/div>\n<\/div>\n<\/div>\n","protected":false},"excerpt":{"rendered":"<p>Siti Web e Progetti Digitali per Professionisti e Piccole Imprese Qui troverai una selezione di progetti realizzati per professionisti, negozi e piccole imprese. Dallo sviluppo di siti web personalizzati alla gestione di strategie digitali ed e-commerce, ogni lavoro racconta la mia passione per la tecnologia e il marketing online. Esplora i risultati concreti di chi [&hellip;]<\/p>\n","protected":false},"author":1,"featured_media":0,"parent":0,"menu_order":0,"comment_status":"closed","ping_status":"closed","template":"","meta":{"zakra_sidebar_layout":"customizer","zakra_remove_content_margin":false,"zakra_sidebar":"customizer","zakra_transparent_header":"customizer","zakra_logo":0,"zakra_main_header_style":"default","zakra_menu_item_color":"","zakra_menu_item_hover_color":"","zakra_menu_item_active_color":"","zakra_menu_active_style":"","zakra_page_header":true,"om_disable_all_campaigns":false,"_monsterinsights_skip_tracking":false,"_monsterinsights_sitenote_active":false,"_monsterinsights_sitenote_note":"","_monsterinsights_sitenote_category":0,"footnotes":""},"class_list":["post-18","page","type-page","status-publish","hentry"],"featured_image_url":[],"post_author":"luixguidotek.ecm@gmail.com","assigned_categories":"","yoast_head":"<!-- This site is optimized with the Yoast SEO plugin v25.6 - https:\/\/yoast.com\/wordpress\/plugins\/seo\/ -->\n<title>Portfolio - luixGUIDOtek<\/title>\n<meta name=\"robots\" content=\"index, follow, max-snippet:-1, max-image-preview:large, max-video-preview:-1\" \/>\n<link rel=\"canonical\" href=\"https:\/\/luixguidotek.com\/?page_id=18\" \/>\n<meta property=\"og:locale\" content=\"it_IT\" \/>\n<meta property=\"og:type\" content=\"article\" \/>\n<meta property=\"og:title\" content=\"Portfolio - luixGUIDOtek\" \/>\n<meta property=\"og:description\" content=\"Siti Web e Progetti Digitali per Professionisti e Piccole Imprese Qui troverai una selezione di progetti realizzati per professionisti, negozi e piccole imprese. Dallo sviluppo di siti web personalizzati alla gestione di strategie digitali ed e-commerce, ogni lavoro racconta la mia passione per la tecnologia e il marketing online. Esplora i risultati concreti di chi [&hellip;]\" \/>\n<meta property=\"og:url\" content=\"https:\/\/luixguidotek.com\/?page_id=18\" \/>\n<meta property=\"og:site_name\" content=\"luixGUIDOtek\" \/>\n<meta property=\"article:modified_time\" content=\"2025-08-08T12:31:13+00:00\" \/>\n<meta property=\"og:image\" content=\"https:\/\/luixguidotek.com\/wp-content\/uploads\/2025\/07\/thewalkingpeppadventures.it_.jpg\" \/>\n\t<meta property=\"og:image:width\" content=\"1080\" \/>\n\t<meta property=\"og:image:height\" content=\"1080\" \/>\n\t<meta property=\"og:image:type\" content=\"image\/jpeg\" \/>\n<meta name=\"twitter:card\" content=\"summary_large_image\" \/>\n<meta name=\"twitter:label1\" content=\"Tempo di lettura stimato\" \/>\n\t<meta name=\"twitter:data1\" content=\"3 minuti\" \/>\n<script type=\"application\/ld+json\" class=\"yoast-schema-graph\">{\"@context\":\"https:\/\/schema.org\",\"@graph\":[{\"@type\":\"WebPage\",\"@id\":\"https:\/\/luixguidotek.com\/?page_id=18\",\"url\":\"https:\/\/luixguidotek.com\/?page_id=18\",\"name\":\"Portfolio - luixGUIDOtek\",\"isPartOf\":{\"@id\":\"https:\/\/luixguidotek.com\/#website\"},\"primaryImageOfPage\":{\"@id\":\"https:\/\/luixguidotek.com\/?page_id=18#primaryimage\"},\"image\":{\"@id\":\"https:\/\/luixguidotek.com\/?page_id=18#primaryimage\"},\"thumbnailUrl\":\"https:\/\/luixguidotek.com\/wp-content\/uploads\/2025\/07\/thewalkingpeppadventures.it_-1024x1024.jpg\",\"datePublished\":\"2025-07-13T17:25:20+00:00\",\"dateModified\":\"2025-08-08T12:31:13+00:00\",\"breadcrumb\":{\"@id\":\"https:\/\/luixguidotek.com\/?page_id=18#breadcrumb\"},\"inLanguage\":\"it-IT\",\"potentialAction\":[{\"@type\":\"ReadAction\",\"target\":[\"https:\/\/luixguidotek.com\/?page_id=18\"]}]},{\"@type\":\"ImageObject\",\"inLanguage\":\"it-IT\",\"@id\":\"https:\/\/luixguidotek.com\/?page_id=18#primaryimage\",\"url\":\"https:\/\/luixguidotek.com\/wp-content\/uploads\/2025\/07\/thewalkingpeppadventures.it_.jpg\",\"contentUrl\":\"https:\/\/luixguidotek.com\/wp-content\/uploads\/2025\/07\/thewalkingpeppadventures.it_.jpg\",\"width\":1080,\"height\":1080},{\"@type\":\"BreadcrumbList\",\"@id\":\"https:\/\/luixguidotek.com\/?page_id=18#breadcrumb\",\"itemListElement\":[{\"@type\":\"ListItem\",\"position\":1,\"name\":\"Home\",\"item\":\"https:\/\/luixguidotek.com\/\"},{\"@type\":\"ListItem\",\"position\":2,\"name\":\"Portfolio\"}]},{\"@type\":\"WebSite\",\"@id\":\"https:\/\/luixguidotek.com\/#website\",\"url\":\"https:\/\/luixguidotek.com\/\",\"name\":\"luixGUIDOtek\",\"description\":\"\",\"potentialAction\":[{\"@type\":\"SearchAction\",\"target\":{\"@type\":\"EntryPoint\",\"urlTemplate\":\"https:\/\/luixguidotek.com\/?s={search_term_string}\"},\"query-input\":{\"@type\":\"PropertyValueSpecification\",\"valueRequired\":true,\"valueName\":\"search_term_string\"}}],\"inLanguage\":\"it-IT\"}]}<\/script>\n<!-- \/ Yoast SEO plugin. -->","yoast_head_json":{"title":"Portfolio - luixGUIDOtek","robots":{"index":"index","follow":"follow","max-snippet":"max-snippet:-1","max-image-preview":"max-image-preview:large","max-video-preview":"max-video-preview:-1"},"canonical":"https:\/\/luixguidotek.com\/?page_id=18","og_locale":"it_IT","og_type":"article","og_title":"Portfolio - luixGUIDOtek","og_description":"Siti Web e Progetti Digitali per Professionisti e Piccole Imprese Qui troverai una selezione di progetti realizzati per professionisti, negozi e piccole imprese. Dallo sviluppo di siti web personalizzati alla gestione di strategie digitali ed e-commerce, ogni lavoro racconta la mia passione per la tecnologia e il marketing online. Esplora i risultati concreti di chi [&hellip;]","og_url":"https:\/\/luixguidotek.com\/?page_id=18","og_site_name":"luixGUIDOtek","article_modified_time":"2025-08-08T12:31:13+00:00","og_image":[{"width":1080,"height":1080,"url":"https:\/\/luixguidotek.com\/wp-content\/uploads\/2025\/07\/thewalkingpeppadventures.it_.jpg","type":"image\/jpeg"}],"twitter_card":"summary_large_image","twitter_misc":{"Tempo di lettura stimato":"3 minuti"},"schema":{"@context":"https:\/\/schema.org","@graph":[{"@type":"WebPage","@id":"https:\/\/luixguidotek.com\/?page_id=18","url":"https:\/\/luixguidotek.com\/?page_id=18","name":"Portfolio - luixGUIDOtek","isPartOf":{"@id":"https:\/\/luixguidotek.com\/#website"},"primaryImageOfPage":{"@id":"https:\/\/luixguidotek.com\/?page_id=18#primaryimage"},"image":{"@id":"https:\/\/luixguidotek.com\/?page_id=18#primaryimage"},"thumbnailUrl":"https:\/\/luixguidotek.com\/wp-content\/uploads\/2025\/07\/thewalkingpeppadventures.it_-1024x1024.jpg","datePublished":"2025-07-13T17:25:20+00:00","dateModified":"2025-08-08T12:31:13+00:00","breadcrumb":{"@id":"https:\/\/luixguidotek.com\/?page_id=18#breadcrumb"},"inLanguage":"it-IT","potentialAction":[{"@type":"ReadAction","target":["https:\/\/luixguidotek.com\/?page_id=18"]}]},{"@type":"ImageObject","inLanguage":"it-IT","@id":"https:\/\/luixguidotek.com\/?page_id=18#primaryimage","url":"https:\/\/luixguidotek.com\/wp-content\/uploads\/2025\/07\/thewalkingpeppadventures.it_.jpg","contentUrl":"https:\/\/luixguidotek.com\/wp-content\/uploads\/2025\/07\/thewalkingpeppadventures.it_.jpg","width":1080,"height":1080},{"@type":"BreadcrumbList","@id":"https:\/\/luixguidotek.com\/?page_id=18#breadcrumb","itemListElement":[{"@type":"ListItem","position":1,"name":"Home","item":"https:\/\/luixguidotek.com\/"},{"@type":"ListItem","position":2,"name":"Portfolio"}]},{"@type":"WebSite","@id":"https:\/\/luixguidotek.com\/#website","url":"https:\/\/luixguidotek.com\/","name":"luixGUIDOtek","description":"","potentialAction":[{"@type":"SearchAction","target":{"@type":"EntryPoint","urlTemplate":"https:\/\/luixguidotek.com\/?s={search_term_string}"},"query-input":{"@type":"PropertyValueSpecification","valueRequired":true,"valueName":"search_term_string"}}],"inLanguage":"it-IT"}]}},"_links":{"self":[{"href":"https:\/\/luixguidotek.com\/index.php?rest_route=\/wp\/v2\/pages\/18"}],"collection":[{"href":"https:\/\/luixguidotek.com\/index.php?rest_route=\/wp\/v2\/pages"}],"about":[{"href":"https:\/\/luixguidotek.com\/index.php?rest_route=\/wp\/v2\/types\/page"}],"author":[{"embeddable":true,"href":"https:\/\/luixguidotek.com\/index.php?rest_route=\/wp\/v2\/users\/1"}],"replies":[{"embeddable":true,"href":"https:\/\/luixguidotek.com\/index.php?rest_route=%2Fwp%2Fv2%2Fcomments&post=18"}],"version-history":[{"count":9,"href":"https:\/\/luixguidotek.com\/index.php?rest_route=\/wp\/v2\/pages\/18\/revisions"}],"predecessor-version":[{"id":352,"href":"https:\/\/luixguidotek.com\/index.php?rest_route=\/wp\/v2\/pages\/18\/revisions\/352"}],"wp:attachment":[{"href":"https:\/\/luixguidotek.com\/index.php?rest_route=%2Fwp%2Fv2%2Fmedia&parent=18"}],"curies":[{"name":"wp","href":"https:\/\/api.w.org\/{rel}","templated":true}]}}